{"id":2849,"date":"2025-07-01T06:40:09","date_gmt":"2025-07-01T06:40:09","guid":{"rendered":"https:\/\/schreyen.tech\/generationled\/?post_type=product&#038;p=2849"},"modified":"2025-07-01T06:41:57","modified_gmt":"2025-07-01T06:41:57","slug":"zalux-zaleda-acquex-2","status":"publish","type":"product","link":"https:\/\/schreyen.tech\/generationled\/product\/zalux-zaleda-acquex-2\/","title":{"rendered":"ZALUX ZALEDA ACQUEX"},"content":{"rendered":"<h2><u>Specificaties<\/u><\/h2>\n<table>\n<tbody>\n<tr>\n<td>Zaleda Acquex<\/td>\n<td>Acquex LED-M 1&#215;0.6 ET PC<\/td>\n<td>Acquex LED-M 1&#215;1.2 ET PC<\/td>\n<td>Acquex LED-M 1&#215;1.5 ET PC<\/td>\n<\/tr>\n<tr>\n<td>Stroomsterkte<\/td>\n<td>20W<\/td>\n<td>40W<\/td>\n<td>56W<\/td>\n<\/tr>\n<tr>\n<td>Lumen flux<\/td>\n<td>105lm\/W<\/td>\n<td>105lm\/W<\/td>\n<td>104lm\/W<\/td>\n<\/tr>\n<tr>\n<td>Lichtopbrengst<\/td>\n<td>2.100 lm<\/td>\n<td>4.200 lm<\/td>\n<td>5.800 lm<\/td>\n<\/tr>\n<tr>\n<td>Afmetingen<\/td>\n<td>675x151x78 mm (LxBxH)<\/td>\n<td>1289x151x78 mm (LxBxH)<\/td>\n<td>1589x151x78 mm (LxBxH)<\/td>\n<\/tr>\n<tr>\n<td>Gewicht<\/td>\n<td>2.00kg<\/td>\n<td>3.25kg<\/td>\n<td>3.60kg<\/td>\n<\/tr>\n<tr>\n<td>LED MODULE<\/td>\n<td colspan=\"3\">Samsung Mid-power LEDs<\/td>\n<\/tr>\n<tr>\n<td>Kleurtemperatuur<\/td>\n<td colspan=\"3\">4000 K<\/td>\n<\/tr>\n<tr>\n<td>Kleurweergave-index<\/td>\n<td colspan=\"3\">RA &gt; 80<\/td>\n<\/tr>\n<tr>\n<td>Driver<\/td>\n<td colspan=\"3\">Electronic LED driver<\/td>\n<\/tr>\n<\/tbody>\n<\/table>\n<h2><u>Applicaties<\/u><\/h2>\n<p>\u2022\u00a0Geschikt voor verlichting van olie en gas fabrieken, pharma-, chemische, voedsel en andere industri\u00eble omgevingen. Parkeergarages, Koelcellen, Utiliteitskamers, Wasgelegenheid, Magazijnen, Industr\u00eble installaties<\/p>\n<h2><u>Downloads<\/u><\/h2>\n<p>\u2022\u00a0Product Fiche\u00a0<a title=\"Productfiche Acquex\" href=\"https:\/\/www.nextgenerationled.be\/assets\/downloads\/productficheACQUEXNL.pdf\" target=\"_blank\" rel=\"noopener\"><img decoding=\"async\" title=\"Productfiche\" src=\"https:\/\/www.nextgenerationled.be\/document.png\" alt=\"Productfiche Acquex\" \/><\/a><\/p>\n","protected":false},"excerpt":{"rendered":"<p>\u2022\u00a0Explosie bescherming is een delikaat en complex iets. Mensenlevens kunnen hiervan afhankelijk zijn. Zalux biedt een betrouwbare explosie bestendige luminair uitgerust met de laatste nieuwe LED technologie. Ontworpen om gebruikt te worden in gevaarlijke omgevingen waar een explosieve atmosfeer kan ontstaan. Kan zowel dienen als standaard verlichting als voor noodverlichting.<br \/>\n\u2022\u00a0Explosie bestendig IP66 &amp; IK08<br \/>\n\u2022\u00a0Zone 2 en 22, gas en stof<br \/>\n\u2022\u00a0Goede ROI ivm conventionele oplossingen<br \/>\n\u2022\u00a0100% direct verlichting, geen opstarttijd<br \/>\n\u2022\u00a0Levensduur L70 %: &gt;50.000 uren<br \/>\n\u2022\u00a0Noodverlichting versie mogelijk<br \/>\n\u2022\u00a0Gele glasvezelversterkte polyester (RAL 1003)<br \/>\n\u2022\u00a0Doorschijnende polycarbonaat verspreider<br \/>\n\u2022\u00a0Wit gelakeerde stalen platen<br \/>\n\u2022\u00a0Pakking gemaakt van polyurethaan, in \u00e9\u00e9n stuk gegoten met \u00e9\u00e9n kabelingang van 20.5mm<\/p>\n","protected":false},"featured_media":1598,"comment_status":"open","ping_status":"closed","template":"","meta":{"_acf_changed":false},"product_brand":[],"product_cat":[188],"product_tag":[],"class_list":{"0":"post-2849","1":"product","2":"type-product","3":"status-publish","4":"has-post-thumbnail","6":"product_cat-zalux-de","8":"first","9":"instock","10":"shipping-taxable","11":"product-type-simple"},"acf":[],"yoast_head":"<!-- This site is optimized with the Yoast SEO plugin v27.5 - https:\/\/yoast.com\/product\/yoast-seo-wordpress\/ -->\n<title>ZALUX ZALEDA ACQUEX - Next Generation Led<\/title>\n<meta name=\"robots\" content=\"index, follow, max-snippet:-1, max-image-preview:large, max-video-preview:-1\" \/>\n<link rel=\"canonical\" href=\"https:\/\/schreyen.tech\/generationled\/product\/zalux-zaleda-acquex-2\/\" \/>\n<meta property=\"og:locale\" content=\"en_US\" \/>\n<meta property=\"og:type\" content=\"article\" \/>\n<meta property=\"og:title\" content=\"ZALUX ZALEDA ACQUEX - Next Generation Led\" \/>\n<meta property=\"og:description\" content=\"\u2022\u00a0Explosie bescherming is een delikaat en complex iets. Mensenlevens kunnen hiervan afhankelijk zijn. Zalux biedt een betrouwbare explosie bestendige luminair uitgerust met de laatste nieuwe LED technologie. Ontworpen om gebruikt te worden in gevaarlijke omgevingen waar een explosieve atmosfeer kan ontstaan. Kan zowel dienen als standaard verlichting als voor noodverlichting. \u2022\u00a0Explosie bestendig IP66 &amp; IK08 \u2022\u00a0Zone 2 en 22, gas en stof \u2022\u00a0Goede ROI ivm conventionele oplossingen \u2022\u00a0100% direct verlichting, geen opstarttijd \u2022\u00a0Levensduur L70 %: &gt;50.000 uren \u2022\u00a0Noodverlichting versie mogelijk \u2022\u00a0Gele glasvezelversterkte polyester (RAL 1003) \u2022\u00a0Doorschijnende polycarbonaat verspreider \u2022\u00a0Wit gelakeerde stalen platen \u2022\u00a0Pakking gemaakt van polyurethaan, in \u00e9\u00e9n stuk gegoten met \u00e9\u00e9n kabelingang van 20.5mm\" \/>\n<meta property=\"og:url\" content=\"https:\/\/schreyen.tech\/generationled\/product\/zalux-zaleda-acquex-2\/\" \/>\n<meta property=\"og:site_name\" content=\"Next Generation Led\" \/>\n<meta property=\"article:modified_time\" content=\"2025-07-01T06:41:57+00:00\" \/>\n<meta property=\"og:image\" content=\"https:\/\/schreyen.tech\/generationled\/wp-content\/uploads\/2025\/06\/acquex-zalux-zaleda.png\" \/>\n\t<meta property=\"og:image:width\" content=\"800\" \/>\n\t<meta property=\"og:image:height\" content=\"500\" \/>\n\t<meta property=\"og:image:type\" content=\"image\/png\" \/>\n<meta name=\"twitter:card\" content=\"summary_large_image\" \/>\n<meta name=\"twitter:label1\" content=\"Est. reading time\" \/>\n\t<meta name=\"twitter:data1\" content=\"1 minute\" \/>\n<script type=\"application\/ld+json\" class=\"yoast-schema-graph\">{\"@context\":\"https:\\\/\\\/schema.org\",\"@graph\":[{\"@type\":\"WebPage\",\"@id\":\"https:\\\/\\\/schreyen.tech\\\/generationled\\\/product\\\/zalux-zaleda-acquex-2\\\/\",\"url\":\"https:\\\/\\\/schreyen.tech\\\/generationled\\\/product\\\/zalux-zaleda-acquex-2\\\/\",\"name\":\"ZALUX ZALEDA ACQUEX - Next Generation Led\",\"isPartOf\":{\"@id\":\"https:\\\/\\\/schreyen.tech\\\/generationled\\\/#website\"},\"primaryImageOfPage\":{\"@id\":\"https:\\\/\\\/schreyen.tech\\\/generationled\\\/product\\\/zalux-zaleda-acquex-2\\\/#primaryimage\"},\"image\":{\"@id\":\"https:\\\/\\\/schreyen.tech\\\/generationled\\\/product\\\/zalux-zaleda-acquex-2\\\/#primaryimage\"},\"thumbnailUrl\":\"https:\\\/\\\/schreyen.tech\\\/generationled\\\/wp-content\\\/uploads\\\/2025\\\/06\\\/acquex-zalux-zaleda.png\",\"datePublished\":\"2025-07-01T06:40:09+00:00\",\"dateModified\":\"2025-07-01T06:41:57+00:00\",\"breadcrumb\":{\"@id\":\"https:\\\/\\\/schreyen.tech\\\/generationled\\\/product\\\/zalux-zaleda-acquex-2\\\/#breadcrumb\"},\"inLanguage\":\"en-US\",\"potentialAction\":[{\"@type\":\"ReadAction\",\"target\":[\"https:\\\/\\\/schreyen.tech\\\/generationled\\\/product\\\/zalux-zaleda-acquex-2\\\/\"]}]},{\"@type\":\"ImageObject\",\"inLanguage\":\"en-US\",\"@id\":\"https:\\\/\\\/schreyen.tech\\\/generationled\\\/product\\\/zalux-zaleda-acquex-2\\\/#primaryimage\",\"url\":\"https:\\\/\\\/schreyen.tech\\\/generationled\\\/wp-content\\\/uploads\\\/2025\\\/06\\\/acquex-zalux-zaleda.png\",\"contentUrl\":\"https:\\\/\\\/schreyen.tech\\\/generationled\\\/wp-content\\\/uploads\\\/2025\\\/06\\\/acquex-zalux-zaleda.png\",\"width\":800,\"height\":500},{\"@type\":\"BreadcrumbList\",\"@id\":\"https:\\\/\\\/schreyen.tech\\\/generationled\\\/product\\\/zalux-zaleda-acquex-2\\\/#breadcrumb\",\"itemListElement\":[{\"@type\":\"ListItem\",\"position\":1,\"name\":\"Home\",\"item\":\"https:\\\/\\\/schreyen.tech\\\/generationled\\\/en\\\/home\\\/\"},{\"@type\":\"ListItem\",\"position\":2,\"name\":\"ZALUX ZALEDA ACQUEX\"}]},{\"@type\":\"WebSite\",\"@id\":\"https:\\\/\\\/schreyen.tech\\\/generationled\\\/#website\",\"url\":\"https:\\\/\\\/schreyen.tech\\\/generationled\\\/\",\"name\":\"Next Generation Led\",\"description\":\"\",\"publisher\":{\"@id\":\"https:\\\/\\\/schreyen.tech\\\/generationled\\\/#organization\"},\"potentialAction\":[{\"@type\":\"SearchAction\",\"target\":{\"@type\":\"EntryPoint\",\"urlTemplate\":\"https:\\\/\\\/schreyen.tech\\\/generationled\\\/?s={search_term_string}\"},\"query-input\":{\"@type\":\"PropertyValueSpecification\",\"valueRequired\":true,\"valueName\":\"search_term_string\"}}],\"inLanguage\":\"en-US\"},{\"@type\":\"Organization\",\"@id\":\"https:\\\/\\\/schreyen.tech\\\/generationled\\\/#organization\",\"name\":\"Next Generation Led\",\"url\":\"https:\\\/\\\/schreyen.tech\\\/generationled\\\/\",\"logo\":{\"@type\":\"ImageObject\",\"inLanguage\":\"en-US\",\"@id\":\"https:\\\/\\\/schreyen.tech\\\/generationled\\\/#\\\/schema\\\/logo\\\/image\\\/\",\"url\":\"https:\\\/\\\/schreyen.tech\\\/generationled\\\/wp-content\\\/uploads\\\/2025\\\/06\\\/Contact.png\",\"contentUrl\":\"https:\\\/\\\/schreyen.tech\\\/generationled\\\/wp-content\\\/uploads\\\/2025\\\/06\\\/Contact.png\",\"width\":85,\"height\":40,\"caption\":\"Next Generation Led\"},\"image\":{\"@id\":\"https:\\\/\\\/schreyen.tech\\\/generationled\\\/#\\\/schema\\\/logo\\\/image\\\/\"}}]}<\/script>\n<!-- \/ Yoast SEO plugin. -->","yoast_head_json":{"title":"ZALUX ZALEDA ACQUEX - Next Generation Led","robots":{"index":"index","follow":"follow","max-snippet":"max-snippet:-1","max-image-preview":"max-image-preview:large","max-video-preview":"max-video-preview:-1"},"canonical":"https:\/\/schreyen.tech\/generationled\/product\/zalux-zaleda-acquex-2\/","og_locale":"en_US","og_type":"article","og_title":"ZALUX ZALEDA ACQUEX - Next Generation Led","og_description":"\u2022\u00a0Explosie bescherming is een delikaat en complex iets. Mensenlevens kunnen hiervan afhankelijk zijn. Zalux biedt een betrouwbare explosie bestendige luminair uitgerust met de laatste nieuwe LED technologie. Ontworpen om gebruikt te worden in gevaarlijke omgevingen waar een explosieve atmosfeer kan ontstaan. Kan zowel dienen als standaard verlichting als voor noodverlichting. \u2022\u00a0Explosie bestendig IP66 &amp; IK08 \u2022\u00a0Zone 2 en 22, gas en stof \u2022\u00a0Goede ROI ivm conventionele oplossingen \u2022\u00a0100% direct verlichting, geen opstarttijd \u2022\u00a0Levensduur L70 %: &gt;50.000 uren \u2022\u00a0Noodverlichting versie mogelijk \u2022\u00a0Gele glasvezelversterkte polyester (RAL 1003) \u2022\u00a0Doorschijnende polycarbonaat verspreider \u2022\u00a0Wit gelakeerde stalen platen \u2022\u00a0Pakking gemaakt van polyurethaan, in \u00e9\u00e9n stuk gegoten met \u00e9\u00e9n kabelingang van 20.5mm","og_url":"https:\/\/schreyen.tech\/generationled\/product\/zalux-zaleda-acquex-2\/","og_site_name":"Next Generation Led","article_modified_time":"2025-07-01T06:41:57+00:00","og_image":[{"width":800,"height":500,"url":"https:\/\/schreyen.tech\/generationled\/wp-content\/uploads\/2025\/06\/acquex-zalux-zaleda.png","type":"image\/png"}],"twitter_card":"summary_large_image","twitter_misc":{"Est. reading time":"1 minute"},"schema":{"@context":"https:\/\/schema.org","@graph":[{"@type":"WebPage","@id":"https:\/\/schreyen.tech\/generationled\/product\/zalux-zaleda-acquex-2\/","url":"https:\/\/schreyen.tech\/generationled\/product\/zalux-zaleda-acquex-2\/","name":"ZALUX ZALEDA ACQUEX - Next Generation Led","isPartOf":{"@id":"https:\/\/schreyen.tech\/generationled\/#website"},"primaryImageOfPage":{"@id":"https:\/\/schreyen.tech\/generationled\/product\/zalux-zaleda-acquex-2\/#primaryimage"},"image":{"@id":"https:\/\/schreyen.tech\/generationled\/product\/zalux-zaleda-acquex-2\/#primaryimage"},"thumbnailUrl":"https:\/\/schreyen.tech\/generationled\/wp-content\/uploads\/2025\/06\/acquex-zalux-zaleda.png","datePublished":"2025-07-01T06:40:09+00:00","dateModified":"2025-07-01T06:41:57+00:00","breadcrumb":{"@id":"https:\/\/schreyen.tech\/generationled\/product\/zalux-zaleda-acquex-2\/#breadcrumb"},"inLanguage":"en-US","potentialAction":[{"@type":"ReadAction","target":["https:\/\/schreyen.tech\/generationled\/product\/zalux-zaleda-acquex-2\/"]}]},{"@type":"ImageObject","inLanguage":"en-US","@id":"https:\/\/schreyen.tech\/generationled\/product\/zalux-zaleda-acquex-2\/#primaryimage","url":"https:\/\/schreyen.tech\/generationled\/wp-content\/uploads\/2025\/06\/acquex-zalux-zaleda.png","contentUrl":"https:\/\/schreyen.tech\/generationled\/wp-content\/uploads\/2025\/06\/acquex-zalux-zaleda.png","width":800,"height":500},{"@type":"BreadcrumbList","@id":"https:\/\/schreyen.tech\/generationled\/product\/zalux-zaleda-acquex-2\/#breadcrumb","itemListElement":[{"@type":"ListItem","position":1,"name":"Home","item":"https:\/\/schreyen.tech\/generationled\/en\/home\/"},{"@type":"ListItem","position":2,"name":"ZALUX ZALEDA ACQUEX"}]},{"@type":"WebSite","@id":"https:\/\/schreyen.tech\/generationled\/#website","url":"https:\/\/schreyen.tech\/generationled\/","name":"Next Generation Led","description":"","publisher":{"@id":"https:\/\/schreyen.tech\/generationled\/#organization"},"potentialAction":[{"@type":"SearchAction","target":{"@type":"EntryPoint","urlTemplate":"https:\/\/schreyen.tech\/generationled\/?s={search_term_string}"},"query-input":{"@type":"PropertyValueSpecification","valueRequired":true,"valueName":"search_term_string"}}],"inLanguage":"en-US"},{"@type":"Organization","@id":"https:\/\/schreyen.tech\/generationled\/#organization","name":"Next Generation Led","url":"https:\/\/schreyen.tech\/generationled\/","logo":{"@type":"ImageObject","inLanguage":"en-US","@id":"https:\/\/schreyen.tech\/generationled\/#\/schema\/logo\/image\/","url":"https:\/\/schreyen.tech\/generationled\/wp-content\/uploads\/2025\/06\/Contact.png","contentUrl":"https:\/\/schreyen.tech\/generationled\/wp-content\/uploads\/2025\/06\/Contact.png","width":85,"height":40,"caption":"Next Generation Led"},"image":{"@id":"https:\/\/schreyen.tech\/generationled\/#\/schema\/logo\/image\/"}}]}},"_links":{"self":[{"href":"https:\/\/schreyen.tech\/generationled\/wp-json\/wp\/v2\/product\/2849","targetHints":{"allow":["GET"]}}],"collection":[{"href":"https:\/\/schreyen.tech\/generationled\/wp-json\/wp\/v2\/product"}],"about":[{"href":"https:\/\/schreyen.tech\/generationled\/wp-json\/wp\/v2\/types\/product"}],"replies":[{"embeddable":true,"href":"https:\/\/schreyen.tech\/generationled\/wp-json\/wp\/v2\/comments?post=2849"}],"version-history":[{"count":1,"href":"https:\/\/schreyen.tech\/generationled\/wp-json\/wp\/v2\/product\/2849\/revisions"}],"predecessor-version":[{"id":2850,"href":"https:\/\/schreyen.tech\/generationled\/wp-json\/wp\/v2\/product\/2849\/revisions\/2850"}],"wp:featuredmedia":[{"embeddable":true,"href":"https:\/\/schreyen.tech\/generationled\/wp-json\/wp\/v2\/media\/1598"}],"wp:attachment":[{"href":"https:\/\/schreyen.tech\/generationled\/wp-json\/wp\/v2\/media?parent=2849"}],"wp:term":[{"taxonomy":"product_brand","embeddable":true,"href":"https:\/\/schreyen.tech\/generationled\/wp-json\/wp\/v2\/product_brand?post=2849"},{"taxonomy":"product_cat","embeddable":true,"href":"https:\/\/schreyen.tech\/generationled\/wp-json\/wp\/v2\/product_cat?post=2849"},{"taxonomy":"product_tag","embeddable":true,"href":"https:\/\/schreyen.tech\/generationled\/wp-json\/wp\/v2\/product_tag?post=2849"}],"curies":[{"name":"wp","href":"https:\/\/api.w.org\/{rel}","templated":true}]}}